{"id":2,"date":"2016-05-16T22:10:10","date_gmt":"2016-05-16T22:10:10","guid":{"rendered":"http:\/\/www.discgolfvikings.fi\/kauppa\/?page_id=2"},"modified":"2018-04-03T13:21:21","modified_gmt":"2018-04-03T10:21:21","slug":"tietoa","status":"publish","type":"page","link":"https:\/\/www.discgolfvikings.fi\/kauppa\/tietoa\/","title":{"rendered":"Tietoa verkkokaupasta"},"content":{"rendered":"<p>Disc Golf Vikings ry myy verkkokaupan kautta osallistumismaksuja tapahtumiin sek\u00e4 kilpailuihin.<\/p>\n<p>&nbsp;<\/p>\n<p>Bugiraportit, kehitysehdotukset ym voi l\u00e4hett\u00e4\u00e4 s\u00e4hk\u00f6postitse webmasterATdiscgolfvikings.fi<\/p>\n","protected":false},"excerpt":{"rendered":"<p>Disc Golf Vikings ry myy verkkokaupan kautta osallistumismaksuja tapahtumiin sek\u00e4 kilpailuihin. &nbsp; Bugiraportit, kehitysehdotukset ym voi l\u00e4hett\u00e4\u00e4 s\u00e4hk\u00f6postitse webmasterATdiscgolfvikings.fi<\/p>\n","protected":false},"author":1,"featured_media":0,"parent":0,"menu_order":0,"comment_status":"closed","ping_status":"open","template":"","meta":[],"_links":{"self":[{"href":"https:\/\/www.discgolfvikings.fi\/kauppa\/wp-json\/wp\/v2\/pages\/2"}],"collection":[{"href":"https:\/\/www.discgolfvikings.fi\/kauppa\/wp-json\/wp\/v2\/pages"}],"about":[{"href":"https:\/\/www.discgolfvikings.fi\/kauppa\/wp-json\/wp\/v2\/types\/page"}],"author":[{"embeddable":true,"href":"https:\/\/www.discgolfvikings.fi\/kauppa\/wp-json\/wp\/v2\/users\/1"}],"replies":[{"embeddable":true,"href":"https:\/\/www.discgolfvikings.fi\/kauppa\/wp-json\/wp\/v2\/comments?post=2"}],"version-history":[{"count":4,"href":"https:\/\/www.discgolfvikings.fi\/kauppa\/wp-json\/wp\/v2\/pages\/2\/revisions"}],"predecessor-version":[{"id":1551,"href":"https:\/\/www.discgolfvikings.fi\/kauppa\/wp-json\/wp\/v2\/pages\/2\/revisions\/1551"}],"wp:attachment":[{"href":"https:\/\/www.discgolfvikings.fi\/kauppa\/wp-json\/wp\/v2\/media?parent=2"}],"curies":[{"name":"wp","href":"https:\/\/api.w.org\/{rel}","templated":true}]}}